{"id":99,"date":"2025-06-30T09:30:19","date_gmt":"2025-06-30T08:30:19","guid":{"rendered":"https:\/\/seaconcept.eu\/?page_id=99"},"modified":"2025-07-07T12:43:59","modified_gmt":"2025-07-07T11:43:59","slug":"o-nama","status":"publish","type":"page","link":"https:\/\/seaconcept.eu\/?page_id=99","title":{"rendered":"O nama"},"content":{"rendered":"<p>[et_pb_section fb_built=&#8221;1&#8243; admin_label=&#8221;Header&#8221; _builder_version=&#8221;4.25.2&#8243; _module_preset=&#8221;default&#8221; background_enable_color=&#8221;off&#8221; locked=&#8221;off&#8221; global_colors_info=&#8221;{%22gcid-b6c4f12c-f25d-4f61-9fb1-6e96404634cd%22:%91%22background_color%22%93}&#8221;][et_pb_row _builder_version=&#8221;4.25.2&#8243; _module_preset=&#8221;c38e8847-62e3-4b03-82dd-4ec1fef9bef1&#8243; global_colors_info=&#8221;{}&#8221;][et_pb_column type=&#8221;4_4&#8243; _builder_version=&#8221;4.25.2&#8243; _module_preset=&#8221;default&#8221; global_colors_info=&#8221;{}&#8221;][et_pb_heading title=&#8221;About&#8221; _builder_version=&#8221;4.25.2&#8243; _module_preset=&#8221;859469af-de83-4a13-8395-3320fccb0fc5&#8243; title_text_color=&#8221;gcid-b70c6ec4-3d09-43b5-80df-154e6e990bf3&#8243; global_colors_info=&#8221;{%22gcid-b70c6ec4-3d09-43b5-80df-154e6e990bf3%22:%91%22title_text_color%22%93}&#8221;][\/et_pb_heading][et_pb_heading title=&#8221;O nama&#8221; _builder_version=&#8221;4.25.2&#8243; _module_preset=&#8221;508dcddf-cadd-4ccc-b84e-fb8e1dc1d422&#8243; custom_margin=&#8221;||10px||false|false&#8221; global_colors_info=&#8221;{}&#8221;][\/et_pb_heading][\/et_pb_column][\/et_pb_row][et_pb_row column_structure=&#8221;3_5,2_5&#8243; _builder_version=&#8221;4.25.2&#8243; _module_preset=&#8221;c38e8847-62e3-4b03-82dd-4ec1fef9bef1&#8243; global_colors_info=&#8221;{}&#8221;][et_pb_column type=&#8221;3_5&#8243; _builder_version=&#8221;4.25.2&#8243; _module_preset=&#8221;default&#8221; global_colors_info=&#8221;{}&#8221;][et_pb_text _builder_version=&#8221;4.25.2&#8243; _module_preset=&#8221;3e24a007-dacb-498f-9e25-e699be8e1a66&#8243; global_colors_info=&#8221;{}&#8221;]<\/p>\n<p data-start=\"203\" data-end=\"456\">Na\u0161a firma je osnovana s jasnom vizijom \u2013 da stvaramo vrijednost kroz pametne i odr\u017eive investicije. U svom po\u010detku fokusirani smo na sektor nekretnina, gdje realizujemo projekte izgradnje modernih apartmana na atraktivnim lokacijama.<\/p>\n<p data-start=\"458\" data-end=\"737\">Vjerujemo u kvalitet, dugoro\u010dnu vrijednost i pa\u017eljivo planiranje svakog projekta. Na\u0161 cilj nije samo da gradimo objekte, ve\u0107 da stvaramo prostore u kojima se ljudi osje\u0107aju povezano s okru\u017eenjem \u2013 bilo da se radi o privatnom odmoru, porodi\u010dnom \u017eivotu ili investicionim prilikama.<\/p>\n<p data-start=\"739\" data-end=\"1017\">Kroz odgovoran pristup investiranju i transparentnu saradnju sa svim partnerima, gradimo temelje za siguran i stabilan rast. Na\u0161a ponuda \u0107e se s vremenom \u0161iriti i na druge oblasti investiranja, ali vrijednosti koje nas vode ostaju iste: povjerenje, posve\u0107enost i vizija razvoja.<\/p>\n<p data-start=\"1019\" data-end=\"1076\">Dobro do\u0161li u svijet investicija s pogledom na budu\u0107nost.<\/p>\n<p>[\/et_pb_text][\/et_pb_column][et_pb_column type=&#8221;2_5&#8243; _builder_version=&#8221;4.25.2&#8243; _module_preset=&#8221;default&#8221; global_colors_info=&#8221;{}&#8221;][et_pb_image src=&#8221;https:\/\/seaconcept.eu\/wp-content\/uploads\/2023\/03\/20A56A2B-3D49-4F4C-8DC9-7F185A2C96B5-e1678452956451.jpg&#8221; title_text=&#8221;20A56A2B-3D49-4F4C-8DC9-7F185A2C96B5&#8243; _builder_version=&#8221;4.27.4&#8243; _module_preset=&#8221;default&#8221; global_colors_info=&#8221;{}&#8221;][\/et_pb_image][\/et_pb_column][\/et_pb_row][\/et_pb_section][et_pb_section fb_built=&#8221;1&#8243; admin_label=&#8221;Footer&#8221; _builder_version=&#8221;4.25.2&#8243; _module_preset=&#8221;default&#8221; background_color=&#8221;#000000&#8243; custom_padding=&#8221;||0px||false|false&#8221; saved_tabs=&#8221;all&#8221; locked=&#8221;off&#8221; global_colors_info=&#8221;{}&#8221;][et_pb_row column_structure=&#8221;1_3,1_3,1_3&#8243; _builder_version=&#8221;4.25.2&#8243; _module_preset=&#8221;c38e8847-62e3-4b03-82dd-4ec1fef9bef1&#8243; locked=&#8221;off&#8221; global_colors_info=&#8221;{}&#8221;][et_pb_column type=&#8221;1_3&#8243; _builder_version=&#8221;4.25.2&#8243; _module_preset=&#8221;default&#8221; global_colors_info=&#8221;{}&#8221;][et_pb_heading title=&#8221;SEA Concept Real Estate d.o.o&#8221; _builder_version=&#8221;4.25.2&#8243; _module_preset=&#8221;6d21aed1-8b41-48e7-aa89-807db0bfe6aa&#8221; title_text_color=&#8221;#FFFFFF&#8221; custom_margin=&#8221;||10px||false|false&#8221; global_colors_info=&#8221;{}&#8221;][\/et_pb_heading][\/et_pb_column][et_pb_column type=&#8221;1_3&#8243; _builder_version=&#8221;4.25.2&#8243; _module_preset=&#8221;default&#8221; global_colors_info=&#8221;{}&#8221;][et_pb_heading title=&#8221;Contact&#8221; _builder_version=&#8221;4.25.2&#8243; _module_preset=&#8221;859469af-de83-4a13-8395-3320fccb0fc5&#8243; title_text_color=&#8221;#FFFFFF&#8221; global_colors_info=&#8221;{}&#8221;][\/et_pb_heading][et_pb_heading title=&#8221;(923)-234-6788&#8243; _builder_version=&#8221;4.25.2&#8243; _module_preset=&#8221;cada6ecc-5e94-4e38-ab24-8ffcb37697f8&#8243; title_text_color=&#8221;#FFFFFF&#8221; global_colors_info=&#8221;{}&#8221;][\/et_pb_heading][\/et_pb_column][et_pb_column type=&#8221;1_3&#8243; _builder_version=&#8221;4.25.2&#8243; _module_preset=&#8221;default&#8221; global_colors_info=&#8221;{}&#8221;][et_pb_heading title=&#8221;Offices&#8221; _builder_version=&#8221;4.25.2&#8243; _module_preset=&#8221;859469af-de83-4a13-8395-3320fccb0fc5&#8243; title_text_color=&#8221;#FFFFFF&#8221; global_colors_info=&#8221;{}&#8221;][\/et_pb_heading][et_pb_text _builder_version=&#8221;4.25.2&#8243; _module_preset=&#8221;0d10c759-290b-40a8-9b52-97c9ee54b777&#8243; text_text_color=&#8221;#FFFFFF&#8221; global_colors_info=&#8221;{}&#8221;]<\/p>\n<p>4254 Divi St. San Francisco, CA<br \/>2354 Extra Blvd. San Jose, CA<\/p>\n<p>[\/et_pb_text][\/et_pb_column][\/et_pb_row][et_pb_row _builder_version=&#8221;4.25.2&#8243; _module_preset=&#8221;default&#8221; global_colors_info=&#8221;{}&#8221;][et_pb_column type=&#8221;4_4&#8243; _builder_version=&#8221;4.25.2&#8243; _module_preset=&#8221;default&#8221; global_colors_info=&#8221;{}&#8221;][et_pb_text _builder_version=&#8221;4.25.2&#8243; _module_preset=&#8221;3e24a007-dacb-498f-9e25-e699be8e1a66&#8243; text_orientation=&#8221;center&#8221; global_colors_info=&#8221;{}&#8221;]Copyright \u00a9 2023 Elegant Themes \u00ae[\/et_pb_text][\/et_pb_column][\/et_pb_row][\/et_pb_section]<\/p>\n","protected":false},"excerpt":{"rendered":"<p>Na\u0161a firma je osnovana s jasnom vizijom \u2013 da stvaramo vrijednost kroz pametne i odr\u017eive investicije. U svom po\u010detku fokusirani smo na sektor nekretnina, gdje realizujemo projekte izgradnje modernih apartmana na atraktivnim lokacijama. Vjerujemo u kvalitet, dugoro\u010dnu vrijednost i pa\u017eljivo planiranje svakog projekta. Na\u0161 cilj nije samo da gradimo objekte, ve\u0107 da stvaramo prostore u [&hellip;]<\/p>\n","protected":false},"author":2,"featured_media":0,"parent":0,"menu_order":0,"comment_status":"closed","ping_status":"closed","template":"","meta":{"_et_pb_use_builder":"on","_et_pb_old_content":"","_et_gb_content_width":"","footnotes":""},"class_list":["post-99","page","type-page","status-publish","hentry"],"_links":{"self":[{"href":"https:\/\/seaconcept.eu\/index.php?rest_route=\/wp\/v2\/pages\/99","targetHints":{"allow":["GET"]}}],"collection":[{"href":"https:\/\/seaconcept.eu\/index.php?rest_route=\/wp\/v2\/pages"}],"about":[{"href":"https:\/\/seaconcept.eu\/index.php?rest_route=\/wp\/v2\/types\/page"}],"author":[{"embeddable":true,"href":"https:\/\/seaconcept.eu\/index.php?rest_route=\/wp\/v2\/users\/2"}],"replies":[{"embeddable":true,"href":"https:\/\/seaconcept.eu\/index.php?rest_route=%2Fwp%2Fv2%2Fcomments&post=99"}],"version-history":[{"count":3,"href":"https:\/\/seaconcept.eu\/index.php?rest_route=\/wp\/v2\/pages\/99\/revisions"}],"predecessor-version":[{"id":125,"href":"https:\/\/seaconcept.eu\/index.php?rest_route=\/wp\/v2\/pages\/99\/revisions\/125"}],"wp:attachment":[{"href":"https:\/\/seaconcept.eu\/index.php?rest_route=%2Fwp%2Fv2%2Fmedia&parent=99"}],"curies":[{"name":"wp","href":"https:\/\/api.w.org\/{rel}","templated":true}]}}